{"id":192,"date":"2024-06-19T20:30:04","date_gmt":"2024-06-19T20:30:04","guid":{"rendered":"https:\/\/avico-project.com\/?page_id=192"},"modified":"2024-10-29T11:16:35","modified_gmt":"2024-10-29T11:16:35","slug":"partners","status":"publish","type":"page","link":"https:\/\/avico-project.com\/index.php\/partners\/","title":{"rendered":"Partners"},"content":{"rendered":"\t\t<div data-elementor-type=\"wp-page\" data-elementor-id=\"192\" class=\"elementor elementor-192\">\n\t\t\t\t<div class=\"elementor-element elementor-element-fa41d8a e-flex e-con-boxed e-con e-parent\" data-id=\"fa41d8a\" data-element_type=\"container\" data-settings=\"{&quot;background_background&quot;:&quot;classic&quot;}\">\n\t\t\t\t\t<div class=\"e-con-inner\">\n\t\t\t\t<div class=\"elementor-element elementor-element-56e475f elementor-widget elementor-widget-avrixprojects\" data-id=\"56e475f\" data-element_type=\"widget\" data-widget_type=\"avrixprojects.default\">\n\t\t\t\t<div class=\"elementor-widget-container\">\n\t\t\t\t\t<div class=\"portfolio-style-one-area \"><div class=\"container\"><div class=\"heading-left\"><div class=\"row\"><div class=\"col-lg-6\"><div class=\"content-left\"><h4 class=\"sub-title\">\n<\/h4><\/div><\/div><\/div><\/div><\/div><div class=\"container\"><div class=\"row mt--50\"><!-- Single Item --><div class=\"col-lg-6 item-center\"><div class=\"portfolio-style-one animate\" data-animate=\"fadeInUp\" data-offset=\"0\" data-iteration=\"1\"><div class=\"thumb-zoom\"><img decoding=\"async\" src=\"https:\/\/avico-project.com\/wp-content\/uploads\/2024\/06\/1-1.png\" alt=\"\"  \/><\/div><div class=\"pf-item-info\"><div class=\"content-info\"><h2><a href=\"https:\/\/www.uniag.sk\/en\/main-page\">Slovak University of Agriculture in Nitra<\/a><\/h2><\/div><div class=\"button\"><a href=\"https:\/\/www.uniag.sk\/en\/main-page\" class=\"pf-btn\"><i class=\"fas fa-arrow-right\"><\/i><\/a><\/div><\/div><\/div><\/div><!-- End Single Item --><!-- Single Item --><div class=\"col-lg-6 item-center\"><div class=\"portfolio-style-one animate\" data-animate=\"fadeInUp\" data-offset=\"0\" data-iteration=\"1\"><div class=\"thumb-zoom\"><img decoding=\"async\" src=\"https:\/\/avico-project.com\/wp-content\/uploads\/2024\/06\/6-2.png\" alt=\"\"  \/><\/div><div class=\"pf-item-info\"><div class=\"content-info\"><h2><a href=\"https:\/\/amadorainova.pt\/\">Amadora Inovation E.M Unipessoal Lda.<\/a><\/h2><\/div><div class=\"button\"><a href=\"https:\/\/amadorainova.pt\/\" class=\"pf-btn\"><i class=\"fas fa-arrow-right\"><\/i><\/a><\/div><\/div><\/div><\/div><!-- End Single Item --><!-- Single Item --><div class=\"col-lg-6 item-center\"><div class=\"portfolio-style-one animate\" data-animate=\"fadeInUp\" data-offset=\"0\" data-iteration=\"1\"><div class=\"thumb-zoom\"><img decoding=\"async\" src=\"https:\/\/avico-project.com\/wp-content\/uploads\/2024\/06\/3-1.png\" alt=\"\"  \/><\/div><div class=\"pf-item-info\"><div class=\"content-info\"><h2><a href=\"https:\/\/www.essegionlus.org\/\">San Giuseppe ONLUS<\/a><\/h2><\/div><div class=\"button\"><a href=\"https:\/\/www.essegionlus.org\/\" class=\"pf-btn\"><i class=\"fas fa-arrow-right\"><\/i><\/a><\/div><\/div><\/div><\/div><!-- End Single Item --><!-- Single Item --><div class=\"col-lg-6 item-center\"><div class=\"portfolio-style-one animate\" data-animate=\"fadeInUp\" data-offset=\"0\" data-iteration=\"1\"><div class=\"thumb-zoom\"><img decoding=\"async\" src=\"https:\/\/avico-project.com\/wp-content\/uploads\/2024\/06\/4-3.png\" alt=\"\"  \/><\/div><div class=\"pf-item-info\"><div class=\"content-info\"><h2><a href=\"\">FINE Education Consulting and Translation<\/a><\/h2><\/div><div class=\"button\"><a href=\"\" class=\"pf-btn\"><i class=\"fas fa-arrow-right\"><\/i><\/a><\/div><\/div><\/div><\/div><!-- End Single Item --><!-- Single Item --><div class=\"col-lg-6 item-center\"><div class=\"portfolio-style-one animate\" data-animate=\"fadeInUp\" data-offset=\"0\" data-iteration=\"1\"><div class=\"thumb-zoom\"><img decoding=\"async\" src=\"https:\/\/avico-project.com\/wp-content\/uploads\/2024\/10\/8.png\" alt=\"\"  \/><\/div><div class=\"pf-item-info\"><div class=\"content-info\"><h2><a href=\"https:\/\/aksuucakbakim.meb.k12.tr\/\">Aksu Aircraft Maintenance Technology Vocational High School<\/a><\/h2><\/div><div class=\"button\"><a href=\"https:\/\/aksuucakbakim.meb.k12.tr\/\" class=\"pf-btn\"><i class=\"fas fa-arrow-right\"><\/i><\/a><\/div><\/div><\/div><\/div><!-- End Single Item --><!-- Single Item --><div class=\"col-lg-6 item-center\"><div class=\"portfolio-style-one animate\" data-animate=\"fadeInUp\" data-offset=\"0\" data-iteration=\"1\"><div class=\"thumb-zoom\"><img decoding=\"async\" src=\"https:\/\/avico-project.com\/wp-content\/uploads\/2024\/10\/9.png\" alt=\"\"  \/><\/div><div class=\"pf-item-info\"><div class=\"content-info\"><h2><a href=\"https:\/\/www.chironi.edu.it\/\">Istituto Tecnico Commerciale Gian Pietro Chironi Nuoro<\/a><\/h2><\/div><div class=\"button\"><a href=\"https:\/\/www.chironi.edu.it\/\" class=\"pf-btn\"><i class=\"fas fa-arrow-right\"><\/i><\/a><\/div><\/div><\/div><\/div><!-- End Single Item --><!-- Single Item --><div class=\"col-lg-6 item-center\"><div class=\"portfolio-style-one animate\" data-animate=\"fadeInUp\" data-offset=\"0\" data-iteration=\"1\"><div class=\"thumb-zoom\"><img decoding=\"async\" src=\"https:\/\/avico-project.com\/wp-content\/uploads\/2024\/06\/5-2.png\" alt=\"\"  \/><\/div><div class=\"pf-item-info\"><div class=\"content-info\"><h2><a href=\"https:\/\/www.vakademija.edu.rs\/\">Vazduhoplovna akademija<\/a><\/h2><\/div><div class=\"button\"><a href=\"https:\/\/www.vakademija.edu.rs\/\" class=\"pf-btn\"><i class=\"fas fa-arrow-right\"><\/i><\/a><\/div><\/div><\/div><\/div><!-- End Single Item --><!-- Single Item --><div class=\"col-lg-6 item-center\"><div class=\"portfolio-style-one animate\" data-animate=\"fadeInUp\" data-offset=\"0\" data-iteration=\"1\"><div class=\"thumb-zoom\"><img decoding=\"async\" src=\"https:\/\/avico-project.com\/wp-content\/uploads\/2024\/06\/2.png\" alt=\"\"  \/><\/div><div class=\"pf-item-info\"><div class=\"content-info\"><h2><a href=\"https:\/\/www.vus.hr\/en\">\u0160ibenik University of Applied Sciences<\/a><\/h2><\/div><div class=\"button\"><a href=\"https:\/\/www.vus.hr\/en\" class=\"pf-btn\"><i class=\"fas fa-arrow-right\"><\/i><\/a><\/div><\/div><\/div><\/div><!-- End Single Item --><!-- Single Item --><div class=\"col-lg-6 item-center\"><div class=\"portfolio-style-one animate\" data-animate=\"fadeInUp\" data-offset=\"0\" data-iteration=\"1\"><div class=\"thumb-zoom\"><img decoding=\"async\" src=\"https:\/\/avico-project.com\/wp-content\/uploads\/2024\/08\/logo-here-2.png\" alt=\"\"  \/><\/div><div class=\"pf-item-info\"><div class=\"content-info\"><h2><a href=\"https:\/\/www.sospruske.sk\/\">Stredn\u00e1 odborn\u00e1 \u0161kola Prusk\u00e9<\/a><\/h2><\/div><div class=\"button\"><a href=\"https:\/\/www.sospruske.sk\/\" class=\"pf-btn\"><i class=\"fas fa-arrow-right\"><\/i><\/a><\/div><\/div><\/div><\/div><!-- End Single Item --><\/div><\/div><\/div>\t\t\t\t<\/div>\n\t\t\t\t<\/div>\n\t\t\t\t<div class=\"elementor-element elementor-element-ea9d3ef elementor-widget elementor-widget-spacer\" data-id=\"ea9d3ef\" data-element_type=\"widget\" data-widget_type=\"spacer.default\">\n\t\t\t\t<div class=\"elementor-widget-container\">\n\t\t\t\t\t\t\t<div class=\"elementor-spacer\">\n\t\t\t<div class=\"elementor-spacer-inner\"><\/div>\n\t\t<\/div>\n\t\t\t\t\t\t<\/div>\n\t\t\t\t<\/div>\n\t\t\t\t\t<\/div>\n\t\t\t\t<\/div>\n\t\t<div class=\"elementor-element elementor-element-1f42285 e-flex e-con-boxed e-con e-parent\" data-id=\"1f42285\" data-element_type=\"container\">\n\t\t\t\t\t<div class=\"e-con-inner\">\n\t\t\t\t\t<\/div>\n\t\t\t\t<\/div>\n\t\t\t\t<\/div>\n\t\t","protected":false},"excerpt":{"rendered":"<p>Slovak University of Agriculture in Nitra Amadora Inovation E.M Unipessoal Lda. San Giuseppe ONLUS FINE Education Consulting and Translation Aksu Aircraft Maintenance Technology Vocational High School Istituto Tecnico Commerciale Gian Pietro Chironi Nuoro Vazduhoplovna akademija \u0160ibenik University of Applied Sciences Stredn\u00e1 odborn\u00e1 \u0161kola Prusk\u00e9<\/p>\n","protected":false},"author":1,"featured_media":0,"parent":0,"menu_order":0,"comment_status":"closed","ping_status":"closed","template":"","meta":{"footnotes":""},"class_list":["post-192","page","type-page","status-publish","hentry"],"_links":{"self":[{"href":"https:\/\/avico-project.com\/index.php\/wp-json\/wp\/v2\/pages\/192","targetHints":{"allow":["GET"]}}],"collection":[{"href":"https:\/\/avico-project.com\/index.php\/wp-json\/wp\/v2\/pages"}],"about":[{"href":"https:\/\/avico-project.com\/index.php\/wp-json\/wp\/v2\/types\/page"}],"author":[{"embeddable":true,"href":"https:\/\/avico-project.com\/index.php\/wp-json\/wp\/v2\/users\/1"}],"replies":[{"embeddable":true,"href":"https:\/\/avico-project.com\/index.php\/wp-json\/wp\/v2\/comments?post=192"}],"version-history":[{"count":56,"href":"https:\/\/avico-project.com\/index.php\/wp-json\/wp\/v2\/pages\/192\/revisions"}],"predecessor-version":[{"id":800,"href":"https:\/\/avico-project.com\/index.php\/wp-json\/wp\/v2\/pages\/192\/revisions\/800"}],"wp:attachment":[{"href":"https:\/\/avico-project.com\/index.php\/wp-json\/wp\/v2\/media?parent=192"}],"curies":[{"name":"wp","href":"https:\/\/api.w.org\/{rel}","templated":true}]}}