{"id":1195,"date":"2026-04-15T09:13:33","date_gmt":"2026-04-15T09:13:33","guid":{"rendered":"https:\/\/avico-project.com\/?page_id=1195"},"modified":"2026-04-15T10:49:28","modified_gmt":"2026-04-15T10:49:28","slug":"basic-principles-and-educational-set-of-coding-training-sk","status":"publish","type":"page","link":"https:\/\/avico-project.com\/index.php\/resources\/basic-principles-and-educational-set-of-coding-training-sk\/","title":{"rendered":"Basic principles and educational set of coding training SK"},"content":{"rendered":"\t\t<div data-elementor-type=\"wp-page\" data-elementor-id=\"1195\" class=\"elementor elementor-1195\">\n\t\t\t\t<div class=\"elementor-element elementor-element-53fcef62 e-flex e-con-boxed e-con e-parent\" data-id=\"53fcef62\" data-element_type=\"container\">\n\t\t\t\t\t<div class=\"e-con-inner\">\n\t\t\t\t<div class=\"elementor-element elementor-element-361b895e elementor-widget elementor-widget-spacer\" data-id=\"361b895e\" data-element_type=\"widget\" data-widget_type=\"spacer.default\">\n\t\t\t\t<div class=\"elementor-widget-container\">\n\t\t\t\t\t\t\t<div class=\"elementor-spacer\">\n\t\t\t<div class=\"elementor-spacer-inner\"><\/div>\n\t\t<\/div>\n\t\t\t\t\t\t<\/div>\n\t\t\t\t<\/div>\n\t\t\t\t\t<\/div>\n\t\t\t\t<\/div>\n\t\t<div class=\"elementor-element elementor-element-6511b5f8 e-flex e-con-boxed e-con e-parent\" data-id=\"6511b5f8\" data-element_type=\"container\">\n\t\t\t\t\t<div class=\"e-con-inner\">\n\t\t\t\t<div class=\"elementor-element elementor-element-1b70976a elementor-align-center elementor-widget elementor-widget-button\" data-id=\"1b70976a\" data-element_type=\"widget\" data-widget_type=\"button.default\">\n\t\t\t\t<div class=\"elementor-widget-container\">\n\t\t\t\t\t\t\t\t\t<div class=\"elementor-button-wrapper\">\n\t\t\t\t\t<a class=\"elementor-button elementor-button-link elementor-size-sm\" href=\"\/wp-content\/curriculum\/WP2\/AVICO_SK.zip\">\n\t\t\t\t\t\t<span class=\"elementor-button-content-wrapper\">\n\t\t\t\t\t\t\t\t\t<span class=\"elementor-button-text\">Download All Content<\/span>\n\t\t\t\t\t<\/span>\n\t\t\t\t\t<\/a>\n\t\t\t\t<\/div>\n\t\t\t\t\t\t\t\t<\/div>\n\t\t\t\t<\/div>\n\t\t\t\t\t<\/div>\n\t\t\t\t<\/div>\n\t\t<div class=\"elementor-element elementor-element-6901eac1 e-flex e-con-boxed e-con e-parent\" data-id=\"6901eac1\" data-element_type=\"container\">\n\t\t\t\t\t<div class=\"e-con-inner\">\n\t\t\t\t<div class=\"elementor-element elementor-element-1a925756 elementor-widget elementor-widget-avrixprojects\" data-id=\"1a925756\" data-element_type=\"widget\" data-widget_type=\"avrixprojects.default\">\n\t\t\t\t<div class=\"elementor-widget-container\">\n\t\t\t\t\t<div class=\"portfolio-style-one-area \"><div class=\"container\"><div class=\"heading-left\"><div class=\"row\"><div class=\"col-lg-6\"><div class=\"content-left\"><h4 class=\"sub-title\"> <\/h4><\/div><\/div><\/div><\/div><\/div><div class=\"container\"><div class=\"row mt--50\"><!-- Single Item --><div class=\"col-lg-6 item-center\"><div class=\"portfolio-style-one animate\" data-animate=\"fadeInUp\" data-offset=\"0\" data-iteration=\"1\"><div class=\"thumb-zoom\"><img decoding=\"async\" src=\"https:\/\/avico-project.com\/wp-content\/uploads\/2026\/04\/ChatGPT-Image-15.-tra-2026.-09_13_00.png\" alt=\"\"  \/><\/div><div class=\"pf-item-info\"><div class=\"content-info\"><h2><a href=\"\/wp-content\/curriculum\/WP2\/SK\/AVICO%20Transnational%20Report%20FINAL%20SK.pdf\">Nadn\u00e1rodn\u00e1 spr\u00e1va <\/a><\/h2><\/div><div class=\"button\"><a href=\"\/wp-content\/curriculum\/WP2\/SK\/AVICO%20Transnational%20Report%20FINAL%20SK.pdf\" class=\"pf-btn\"><i class=\"fas fa-arrow-right\"><\/i><\/a><\/div><\/div><\/div><\/div><!-- End Single Item --><!-- Single Item --><div class=\"col-lg-6 item-center\"><div class=\"portfolio-style-one animate\" data-animate=\"fadeInUp\" data-offset=\"0\" data-iteration=\"1\"><div class=\"thumb-zoom\"><img decoding=\"async\" src=\"https:\/\/avico-project.com\/wp-content\/uploads\/2026\/04\/ChatGPT-Image-15.-tra-2026.-09_14_20.png\" alt=\"\"  \/><\/div><div class=\"pf-item-info\"><div class=\"content-info\"><h2><a href=\"\/wp-content\/curriculum\/WP2\/SK\/AVICO%20Executive%20Summary%20Final%20SK.pdf\">Nadn\u00e1rodn\u00e1 spr\u00e1va \u2013 S\u00fahrn<\/a><\/h2><\/div><div class=\"button\"><a href=\"\/wp-content\/curriculum\/WP2\/SK\/AVICO%20Executive%20Summary%20Final%20SK.pdf\" class=\"pf-btn\"><i class=\"fas fa-arrow-right\"><\/i><\/a><\/div><\/div><\/div><\/div><!-- End Single Item --><!-- Single Item --><div class=\"col-lg-6 item-center\"><div class=\"portfolio-style-one animate\" data-animate=\"fadeInUp\" data-offset=\"0\" data-iteration=\"1\"><div class=\"thumb-zoom\"><img decoding=\"async\" src=\"https:\/\/avico-project.com\/wp-content\/uploads\/2026\/04\/ChatGPT-Image-15.-tra-2026.-09_16_35.png\" alt=\"\"  \/><\/div><div class=\"pf-item-info\"><div class=\"content-info\"><h2><a href=\"\/wp-content\/curriculum\/WP2\/SK\/AVICO%20Kit%20FINAL%20SK.pdf\">S\u00fabor n\u00e1strojov o k\u00f3dovac\u00edch zru\u010dnostiach a \u0161koleniach<\/a><\/h2><\/div><div class=\"button\"><a href=\"\/wp-content\/curriculum\/WP2\/SK\/AVICO%20Kit%20FINAL%20SK.pdf\" class=\"pf-btn\"><i class=\"fas fa-arrow-right\"><\/i><\/a><\/div><\/div><\/div><\/div><!-- End Single Item --><\/div><\/div><\/div>\t\t\t\t<\/div>\n\t\t\t\t<\/div>\n\t\t\t\t\t<\/div>\n\t\t\t\t<\/div>\n\t\t<div class=\"elementor-element elementor-element-2d5531cc e-flex e-con-boxed e-con e-parent\" data-id=\"2d5531cc\" data-element_type=\"container\">\n\t\t\t\t\t<div class=\"e-con-inner\">\n\t\t\t\t<div class=\"elementor-element elementor-element-6087285 elementor-widget elementor-widget-spacer\" data-id=\"6087285\" data-element_type=\"widget\" data-widget_type=\"spacer.default\">\n\t\t\t\t<div class=\"elementor-widget-container\">\n\t\t\t\t\t\t\t<div class=\"elementor-spacer\">\n\t\t\t<div class=\"elementor-spacer-inner\"><\/div>\n\t\t<\/div>\n\t\t\t\t\t\t<\/div>\n\t\t\t\t<\/div>\n\t\t\t\t\t<\/div>\n\t\t\t\t<\/div>\n\t\t\t\t<\/div>\n\t\t","protected":false},"excerpt":{"rendered":"<p>Download All Content Nadn\u00e1rodn\u00e1 spr\u00e1va Nadn\u00e1rodn\u00e1 spr\u00e1va \u2013 S\u00fahrn S\u00fabor n\u00e1strojov o k\u00f3dovac\u00edch zru\u010dnostiach a \u0161koleniach<\/p>\n","protected":false},"author":1,"featured_media":0,"parent":196,"menu_order":0,"comment_status":"closed","ping_status":"closed","template":"","meta":{"footnotes":""},"class_list":["post-1195","page","type-page","status-publish","hentry"],"_links":{"self":[{"href":"https:\/\/avico-project.com\/index.php\/wp-json\/wp\/v2\/pages\/1195","targetHints":{"allow":["GET"]}}],"collection":[{"href":"https:\/\/avico-project.com\/index.php\/wp-json\/wp\/v2\/pages"}],"about":[{"href":"https:\/\/avico-project.com\/index.php\/wp-json\/wp\/v2\/types\/page"}],"author":[{"embeddable":true,"href":"https:\/\/avico-project.com\/index.php\/wp-json\/wp\/v2\/users\/1"}],"replies":[{"embeddable":true,"href":"https:\/\/avico-project.com\/index.php\/wp-json\/wp\/v2\/comments?post=1195"}],"version-history":[{"count":10,"href":"https:\/\/avico-project.com\/index.php\/wp-json\/wp\/v2\/pages\/1195\/revisions"}],"predecessor-version":[{"id":1217,"href":"https:\/\/avico-project.com\/index.php\/wp-json\/wp\/v2\/pages\/1195\/revisions\/1217"}],"up":[{"embeddable":true,"href":"https:\/\/avico-project.com\/index.php\/wp-json\/wp\/v2\/pages\/196"}],"wp:attachment":[{"href":"https:\/\/avico-project.com\/index.php\/wp-json\/wp\/v2\/media?parent=1195"}],"curies":[{"name":"wp","href":"https:\/\/api.w.org\/{rel}","templated":true}]}}