{"id":1172,"date":"2026-04-15T08:12:23","date_gmt":"2026-04-15T08:12:23","guid":{"rendered":"https:\/\/avico-project.com\/?page_id=1172"},"modified":"2026-04-15T10:45:26","modified_gmt":"2026-04-15T10:45:26","slug":"basic-principles-and-educational-set-of-coding-training-hr","status":"publish","type":"page","link":"https:\/\/avico-project.com\/index.php\/resources\/basic-principles-and-educational-set-of-coding-training-hr\/","title":{"rendered":"Basic principles and educational set of coding training HR"},"content":{"rendered":"\t\t<div data-elementor-type=\"wp-page\" data-elementor-id=\"1172\" class=\"elementor elementor-1172\">\n\t\t\t\t<div class=\"elementor-element elementor-element-7a8f00de e-flex e-con-boxed e-con e-parent\" data-id=\"7a8f00de\" data-element_type=\"container\">\n\t\t\t\t\t<div class=\"e-con-inner\">\n\t\t\t\t<div class=\"elementor-element elementor-element-40e90872 elementor-widget elementor-widget-spacer\" data-id=\"40e90872\" data-element_type=\"widget\" data-widget_type=\"spacer.default\">\n\t\t\t\t<div class=\"elementor-widget-container\">\n\t\t\t\t\t\t\t<div class=\"elementor-spacer\">\n\t\t\t<div class=\"elementor-spacer-inner\"><\/div>\n\t\t<\/div>\n\t\t\t\t\t\t<\/div>\n\t\t\t\t<\/div>\n\t\t\t\t\t<\/div>\n\t\t\t\t<\/div>\n\t\t<div class=\"elementor-element elementor-element-67c560a3 e-flex e-con-boxed e-con e-parent\" data-id=\"67c560a3\" data-element_type=\"container\">\n\t\t\t\t\t<div class=\"e-con-inner\">\n\t\t\t\t<div class=\"elementor-element elementor-element-25148c6d elementor-align-center elementor-widget elementor-widget-button\" data-id=\"25148c6d\" data-element_type=\"widget\" data-widget_type=\"button.default\">\n\t\t\t\t<div class=\"elementor-widget-container\">\n\t\t\t\t\t\t\t\t\t<div class=\"elementor-button-wrapper\">\n\t\t\t\t\t<a class=\"elementor-button elementor-button-link elementor-size-sm\" href=\"\/wp-content\/curriculum\/WP2\/AVICO_HR.zip\">\n\t\t\t\t\t\t<span class=\"elementor-button-content-wrapper\">\n\t\t\t\t\t\t\t\t\t<span class=\"elementor-button-text\">Download All Content<\/span>\n\t\t\t\t\t<\/span>\n\t\t\t\t\t<\/a>\n\t\t\t\t<\/div>\n\t\t\t\t\t\t\t\t<\/div>\n\t\t\t\t<\/div>\n\t\t\t\t\t<\/div>\n\t\t\t\t<\/div>\n\t\t<div class=\"elementor-element elementor-element-37bc8025 e-flex e-con-boxed e-con e-parent\" data-id=\"37bc8025\" data-element_type=\"container\">\n\t\t\t\t\t<div class=\"e-con-inner\">\n\t\t\t\t<div class=\"elementor-element elementor-element-73c0e456 elementor-widget elementor-widget-avrixprojects\" data-id=\"73c0e456\" data-element_type=\"widget\" data-widget_type=\"avrixprojects.default\">\n\t\t\t\t<div class=\"elementor-widget-container\">\n\t\t\t\t\t<div class=\"portfolio-style-one-area \"><div class=\"container\"><div class=\"heading-left\"><div class=\"row\"><div class=\"col-lg-6\"><div class=\"content-left\"><h4 class=\"sub-title\"> <\/h4><\/div><\/div><\/div><\/div><\/div><div class=\"container\"><div class=\"row mt--50\"><!-- Single Item --><div class=\"col-lg-6 item-center\"><div class=\"portfolio-style-one animate\" data-animate=\"fadeInUp\" data-offset=\"0\" data-iteration=\"1\"><div class=\"thumb-zoom\"><img decoding=\"async\" src=\"https:\/\/avico-project.com\/wp-content\/uploads\/2026\/04\/ChatGPT-Image-15.-tra-2026.-09_13_00.png\" alt=\"\"  \/><\/div><div class=\"pf-item-info\"><div class=\"content-info\"><h2><a href=\"\/wp-content\/curriculum\/WP2\/HR\/AVICO%20Transnational%20Report%20FINAL.en.hr%20(1).pdf\">Transnacionalno izvje\u0161\u0107e<\/a><\/h2><\/div><div class=\"button\"><a href=\"\/wp-content\/curriculum\/WP2\/HR\/AVICO%20Transnational%20Report%20FINAL.en.hr%20(1).pdf\" class=\"pf-btn\"><i class=\"fas fa-arrow-right\"><\/i><\/a><\/div><\/div><\/div><\/div><!-- End Single Item --><!-- Single Item --><div class=\"col-lg-6 item-center\"><div class=\"portfolio-style-one animate\" data-animate=\"fadeInUp\" data-offset=\"0\" data-iteration=\"1\"><div class=\"thumb-zoom\"><img decoding=\"async\" src=\"https:\/\/avico-project.com\/wp-content\/uploads\/2026\/04\/ChatGPT-Image-15.-tra-2026.-09_14_20.png\" alt=\"\"  \/><\/div><div class=\"pf-item-info\"><div class=\"content-info\"><h2><a href=\"\/wp-content\/curriculum\/WP2\/HR\/AVICO%20Executive%20Summary%20Final.en.hr.pdf\">Transnacionalno izvje\u0161\u0107e \u2013 Sa\u017eetak<\/a><\/h2><\/div><div class=\"button\"><a href=\"\/wp-content\/curriculum\/WP2\/HR\/AVICO%20Executive%20Summary%20Final.en.hr.pdf\" class=\"pf-btn\"><i class=\"fas fa-arrow-right\"><\/i><\/a><\/div><\/div><\/div><\/div><!-- End Single Item --><!-- Single Item --><div class=\"col-lg-6 item-center\"><div class=\"portfolio-style-one animate\" data-animate=\"fadeInUp\" data-offset=\"0\" data-iteration=\"1\"><div class=\"thumb-zoom\"><img decoding=\"async\" src=\"https:\/\/avico-project.com\/wp-content\/uploads\/2026\/04\/ChatGPT-Image-15.-tra-2026.-09_16_35.png\" alt=\"\"  \/><\/div><div class=\"pf-item-info\"><div class=\"content-info\"><h2><a href=\"\/wp-content\/curriculum\/WP2\/HR\/AVICO%20Kit%20FINAL.en.hr.pdf\">Komplet informacija o vje\u0161tinama kodiranja i obuci<\/a><\/h2><\/div><div class=\"button\"><a href=\"\/wp-content\/curriculum\/WP2\/HR\/AVICO%20Kit%20FINAL.en.hr.pdf\" class=\"pf-btn\"><i class=\"fas fa-arrow-right\"><\/i><\/a><\/div><\/div><\/div><\/div><!-- End Single Item --><\/div><\/div><\/div>\t\t\t\t<\/div>\n\t\t\t\t<\/div>\n\t\t\t\t\t<\/div>\n\t\t\t\t<\/div>\n\t\t<div class=\"elementor-element elementor-element-5e8e8f54 e-flex e-con-boxed e-con e-parent\" data-id=\"5e8e8f54\" data-element_type=\"container\">\n\t\t\t\t\t<div class=\"e-con-inner\">\n\t\t\t\t<div class=\"elementor-element elementor-element-490d4920 elementor-widget elementor-widget-spacer\" data-id=\"490d4920\" data-element_type=\"widget\" data-widget_type=\"spacer.default\">\n\t\t\t\t<div class=\"elementor-widget-container\">\n\t\t\t\t\t\t\t<div class=\"elementor-spacer\">\n\t\t\t<div class=\"elementor-spacer-inner\"><\/div>\n\t\t<\/div>\n\t\t\t\t\t\t<\/div>\n\t\t\t\t<\/div>\n\t\t\t\t\t<\/div>\n\t\t\t\t<\/div>\n\t\t\t\t<\/div>\n\t\t","protected":false},"excerpt":{"rendered":"<p>Download All Content Transnacionalno izvje\u0161\u0107e Transnacionalno izvje\u0161\u0107e \u2013 Sa\u017eetak Komplet informacija o vje\u0161tinama kodiranja i obuci<\/p>\n","protected":false},"author":1,"featured_media":0,"parent":196,"menu_order":0,"comment_status":"closed","ping_status":"closed","template":"","meta":{"footnotes":""},"class_list":["post-1172","page","type-page","status-publish","hentry"],"_links":{"self":[{"href":"https:\/\/avico-project.com\/index.php\/wp-json\/wp\/v2\/pages\/1172","targetHints":{"allow":["GET"]}}],"collection":[{"href":"https:\/\/avico-project.com\/index.php\/wp-json\/wp\/v2\/pages"}],"about":[{"href":"https:\/\/avico-project.com\/index.php\/wp-json\/wp\/v2\/types\/page"}],"author":[{"embeddable":true,"href":"https:\/\/avico-project.com\/index.php\/wp-json\/wp\/v2\/users\/1"}],"replies":[{"embeddable":true,"href":"https:\/\/avico-project.com\/index.php\/wp-json\/wp\/v2\/comments?post=1172"}],"version-history":[{"count":5,"href":"https:\/\/avico-project.com\/index.php\/wp-json\/wp\/v2\/pages\/1172\/revisions"}],"predecessor-version":[{"id":1235,"href":"https:\/\/avico-project.com\/index.php\/wp-json\/wp\/v2\/pages\/1172\/revisions\/1235"}],"up":[{"embeddable":true,"href":"https:\/\/avico-project.com\/index.php\/wp-json\/wp\/v2\/pages\/196"}],"wp:attachment":[{"href":"https:\/\/avico-project.com\/index.php\/wp-json\/wp\/v2\/media?parent=1172"}],"curies":[{"name":"wp","href":"https:\/\/api.w.org\/{rel}","templated":true}]}}