{"id":1120,"date":"2026-04-15T06:47:51","date_gmt":"2026-04-15T06:47:51","guid":{"rendered":"https:\/\/avico-project.com\/?page_id=1120"},"modified":"2026-04-15T10:49:06","modified_gmt":"2026-04-15T10:49:06","slug":"curriculum-tr","status":"publish","type":"page","link":"https:\/\/avico-project.com\/index.php\/resources\/curriculum-tr\/","title":{"rendered":"Curriculum TR"},"content":{"rendered":"\t\t<div data-elementor-type=\"wp-page\" data-elementor-id=\"1120\" class=\"elementor elementor-1120\">\n\t\t\t\t<div class=\"elementor-element elementor-element-23ee9ba e-flex e-con-boxed e-con e-parent\" data-id=\"23ee9ba\" data-element_type=\"container\">\n\t\t\t\t\t<div class=\"e-con-inner\">\n\t\t\t\t<div class=\"elementor-element elementor-element-1aff9bd2 elementor-widget elementor-widget-spacer\" data-id=\"1aff9bd2\" data-element_type=\"widget\" data-widget_type=\"spacer.default\">\n\t\t\t\t<div class=\"elementor-widget-container\">\n\t\t\t\t\t\t\t<div class=\"elementor-spacer\">\n\t\t\t<div class=\"elementor-spacer-inner\"><\/div>\n\t\t<\/div>\n\t\t\t\t\t\t<\/div>\n\t\t\t\t<\/div>\n\t\t\t\t\t<\/div>\n\t\t\t\t<\/div>\n\t\t<div class=\"elementor-element elementor-element-cdcc75e e-flex e-con-boxed e-con e-parent\" data-id=\"cdcc75e\" data-element_type=\"container\">\n\t\t\t\t\t<div class=\"e-con-inner\">\n\t\t<div class=\"elementor-element elementor-element-d6b636 e-grid e-con-full e-con e-child\" data-id=\"d6b636\" data-element_type=\"container\" data-settings=\"{&quot;background_background&quot;:&quot;classic&quot;}\">\n\t\t\t\t<div class=\"elementor-element elementor-element-780caaee elementor-widget elementor-widget-text-editor\" data-id=\"780caaee\" data-element_type=\"widget\" data-widget_type=\"text-editor.default\">\n\t\t\t\t<div class=\"elementor-widget-container\">\n\t\t\t\t\t\t\t\t\t<h1>\u00a0<\/h1><p class=\"disclaimer\" style=\"font-size: 16px;\">M\u00fcfredat; teori, pratik beceriler ve etik fark\u0131ndal\u0131\u011f\u0131 bir araya getiren 6 kapsaml\u0131 mod\u00fclden olu\u015fmaktad\u0131r. Bu mod\u00fcller, t\u00fcm ortak \u00fclkelerdeki e\u011fitim kurumlar\u0131, uzmanlar ve sekt\u00f6r payda\u015flar\u0131yla yap\u0131lan i\u015f birli\u011fi sonucunda geli\u015ftirilmi\u015ftir. Her bir mod\u00fcl; s\u0131n\u0131f ortam\u0131nda, \u00e7evrim i\u00e7i (Moodle arac\u0131l\u0131\u011f\u0131yla) ya da harmanlanm\u0131\u015f (blended) e\u011fitim modeli ile uygulanacak \u015fekilde tasarlanm\u0131\u015ft\u0131r.<\/p>\t\t\t\t\t\t\t\t<\/div>\n\t\t\t\t<\/div>\n\t\t\t\t<div class=\"elementor-element elementor-element-3149a1d4 elementor-widget elementor-widget-image\" data-id=\"3149a1d4\" data-element_type=\"widget\" data-widget_type=\"image.default\">\n\t\t\t\t<div class=\"elementor-widget-container\">\n\t\t\t\t\t\t\t\t\t\t\t\t\t\t\t<img fetchpriority=\"high\" decoding=\"async\" width=\"751\" height=\"751\" src=\"https:\/\/avico-project.com\/wp-content\/uploads\/2024\/06\/19-1024x1024.png\" class=\"attachment-large size-large wp-image-73\" alt=\"\" srcset=\"https:\/\/avico-project.com\/wp-content\/uploads\/2024\/06\/19-1024x1024.png 1024w, https:\/\/avico-project.com\/wp-content\/uploads\/2024\/06\/19-300x300.png 300w, https:\/\/avico-project.com\/wp-content\/uploads\/2024\/06\/19-150x150.png 150w, https:\/\/avico-project.com\/wp-content\/uploads\/2024\/06\/19-768x768.png 768w, https:\/\/avico-project.com\/wp-content\/uploads\/2024\/06\/19-272x272.png 272w, https:\/\/avico-project.com\/wp-content\/uploads\/2024\/06\/19-80x80.png 80w, https:\/\/avico-project.com\/wp-content\/uploads\/2024\/06\/19.png 1080w\" sizes=\"(max-width: 751px) 100vw, 751px\" \/>\t\t\t\t\t\t\t\t\t\t\t\t\t\t\t<\/div>\n\t\t\t\t<\/div>\n\t\t\t\t<\/div>\n\t\t\t\t\t<\/div>\n\t\t\t\t<\/div>\n\t\t<div class=\"elementor-element elementor-element-795e20e0 e-flex e-con-boxed e-con e-parent\" data-id=\"795e20e0\" data-element_type=\"container\">\n\t\t\t\t\t<div class=\"e-con-inner\">\n\t\t\t\t<div class=\"elementor-element elementor-element-347a7d1e elementor-widget elementor-widget-spacer\" data-id=\"347a7d1e\" data-element_type=\"widget\" data-widget_type=\"spacer.default\">\n\t\t\t\t<div class=\"elementor-widget-container\">\n\t\t\t\t\t\t\t<div class=\"elementor-spacer\">\n\t\t\t<div class=\"elementor-spacer-inner\"><\/div>\n\t\t<\/div>\n\t\t\t\t\t\t<\/div>\n\t\t\t\t<\/div>\n\t\t\t\t\t<\/div>\n\t\t\t\t<\/div>\n\t\t<div class=\"elementor-element elementor-element-18d4a7e4 e-flex e-con-boxed e-con e-parent\" data-id=\"18d4a7e4\" data-element_type=\"container\">\n\t\t\t\t\t<div class=\"e-con-inner\">\n\t\t\t\t<div class=\"elementor-element elementor-element-5340cc06 elementor-widget elementor-widget-shortcode\" data-id=\"5340cc06\" data-element_type=\"widget\" data-widget_type=\"shortcode.default\">\n\t\t\t\t<div class=\"elementor-widget-container\">\n\t\t\t\t\t\t\t<div class=\"elementor-shortcode\"><div class=\"_df_book df-lite\" id=\"df_1121\"  _slug=\"curriculum-tr\" data-title=\"curriculum-tr\" wpoptions=\"true\" thumbtype=\"\" ><\/div><script class=\"df-shortcode-script\" nowprocket type=\"application\/javascript\">window.option_df_1121 = {\"outline\":[],\"backgroundColor\":\"#DAEDAE\",\"autoEnableOutline\":\"false\",\"autoEnableThumbnail\":\"false\",\"overwritePDFOutline\":\"false\",\"direction\":\"1\",\"pageSize\":\"0\",\"source\":\"https:\\\/\\\/avico-project.com\\\/wp-content\\\/uploads\\\/2026\\\/04\\\/AVICO-Educational-plan-Curriculum-Turkish.pdf\",\"wpOptions\":\"true\"}; if(window.DFLIP && window.DFLIP.parseBooks){window.DFLIP.parseBooks();}<\/script><\/div>\n\t\t\t\t\t\t<\/div>\n\t\t\t\t<\/div>\n\t\t\t\t\t<\/div>\n\t\t\t\t<\/div>\n\t\t<div class=\"elementor-element elementor-element-19255e33 e-flex e-con-boxed e-con e-parent\" data-id=\"19255e33\" data-element_type=\"container\">\n\t\t\t\t\t<div class=\"e-con-inner\">\n\t\t\t\t<div class=\"elementor-element elementor-element-28c5e1b2 elementor-align-center elementor-widget elementor-widget-button\" data-id=\"28c5e1b2\" data-element_type=\"widget\" data-widget_type=\"button.default\">\n\t\t\t\t<div class=\"elementor-widget-container\">\n\t\t\t\t\t\t\t\t\t<div class=\"elementor-button-wrapper\">\n\t\t\t\t\t<a class=\"elementor-button elementor-button-link elementor-size-sm\" href=\"\/wp-content\/curriculum\/WP3\/AVICO_Curriculum_TR.pdf\" download=\"AVICO_Curriculum_TR.pdf\">\n\t\t\t\t\t\t<span class=\"elementor-button-content-wrapper\">\n\t\t\t\t\t\t\t\t\t<span class=\"elementor-button-text\">Download<\/span>\n\t\t\t\t\t<\/span>\n\t\t\t\t\t<\/a>\n\t\t\t\t<\/div>\n\t\t\t\t\t\t\t\t<\/div>\n\t\t\t\t<\/div>\n\t\t\t\t\t<\/div>\n\t\t\t\t<\/div>\n\t\t\t\t<\/div>\n\t\t","protected":false},"excerpt":{"rendered":"<p>\u00a0 M\u00fcfredat; teori, pratik beceriler ve etik fark\u0131ndal\u0131\u011f\u0131 bir araya getiren 6 kapsaml\u0131 mod\u00fclden olu\u015fmaktad\u0131r. Bu mod\u00fcller, t\u00fcm ortak \u00fclkelerdeki e\u011fitim kurumlar\u0131, uzmanlar ve sekt\u00f6r payda\u015flar\u0131yla yap\u0131lan i\u015f birli\u011fi sonucunda geli\u015ftirilmi\u015ftir. Her bir mod\u00fcl; s\u0131n\u0131f ortam\u0131nda, \u00e7evrim i\u00e7i (Moodle arac\u0131l\u0131\u011f\u0131yla) ya da harmanlanm\u0131\u015f (blended) e\u011fitim modeli ile uygulanacak \u015fekilde tasarlanm\u0131\u015ft\u0131r. Download<\/p>\n","protected":false},"author":1,"featured_media":0,"parent":196,"menu_order":0,"comment_status":"closed","ping_status":"closed","template":"","meta":{"footnotes":""},"class_list":["post-1120","page","type-page","status-publish","hentry"],"_links":{"self":[{"href":"https:\/\/avico-project.com\/index.php\/wp-json\/wp\/v2\/pages\/1120","targetHints":{"allow":["GET"]}}],"collection":[{"href":"https:\/\/avico-project.com\/index.php\/wp-json\/wp\/v2\/pages"}],"about":[{"href":"https:\/\/avico-project.com\/index.php\/wp-json\/wp\/v2\/types\/page"}],"author":[{"embeddable":true,"href":"https:\/\/avico-project.com\/index.php\/wp-json\/wp\/v2\/users\/1"}],"replies":[{"embeddable":true,"href":"https:\/\/avico-project.com\/index.php\/wp-json\/wp\/v2\/comments?post=1120"}],"version-history":[{"count":4,"href":"https:\/\/avico-project.com\/index.php\/wp-json\/wp\/v2\/pages\/1120\/revisions"}],"predecessor-version":[{"id":1126,"href":"https:\/\/avico-project.com\/index.php\/wp-json\/wp\/v2\/pages\/1120\/revisions\/1126"}],"up":[{"embeddable":true,"href":"https:\/\/avico-project.com\/index.php\/wp-json\/wp\/v2\/pages\/196"}],"wp:attachment":[{"href":"https:\/\/avico-project.com\/index.php\/wp-json\/wp\/v2\/media?parent=1120"}],"curies":[{"name":"wp","href":"https:\/\/api.w.org\/{rel}","templated":true}]}}