{"id":1115,"date":"2026-04-15T06:45:40","date_gmt":"2026-04-15T06:45:40","guid":{"rendered":"https:\/\/avico-project.com\/?page_id=1115"},"modified":"2026-04-15T10:48:55","modified_gmt":"2026-04-15T10:48:55","slug":"curriculum-sk","status":"publish","type":"page","link":"https:\/\/avico-project.com\/index.php\/resources\/curriculum-sk\/","title":{"rendered":"Curriculum SK"},"content":{"rendered":"\t\t<div data-elementor-type=\"wp-page\" data-elementor-id=\"1115\" class=\"elementor elementor-1115\">\n\t\t\t\t<div class=\"elementor-element elementor-element-523d9b72 e-flex e-con-boxed e-con e-parent\" data-id=\"523d9b72\" data-element_type=\"container\">\n\t\t\t\t\t<div class=\"e-con-inner\">\n\t\t\t\t<div class=\"elementor-element elementor-element-53fa8b8c elementor-widget elementor-widget-spacer\" data-id=\"53fa8b8c\" data-element_type=\"widget\" data-widget_type=\"spacer.default\">\n\t\t\t\t<div class=\"elementor-widget-container\">\n\t\t\t\t\t\t\t<div class=\"elementor-spacer\">\n\t\t\t<div class=\"elementor-spacer-inner\"><\/div>\n\t\t<\/div>\n\t\t\t\t\t\t<\/div>\n\t\t\t\t<\/div>\n\t\t\t\t\t<\/div>\n\t\t\t\t<\/div>\n\t\t<div class=\"elementor-element elementor-element-10367ede e-flex e-con-boxed e-con e-parent\" data-id=\"10367ede\" data-element_type=\"container\">\n\t\t\t\t\t<div class=\"e-con-inner\">\n\t\t<div class=\"elementor-element elementor-element-745ea6f8 e-grid e-con-full e-con e-child\" data-id=\"745ea6f8\" data-element_type=\"container\" data-settings=\"{&quot;background_background&quot;:&quot;classic&quot;}\">\n\t\t\t\t<div class=\"elementor-element elementor-element-221035a8 elementor-widget elementor-widget-text-editor\" data-id=\"221035a8\" data-element_type=\"widget\" data-widget_type=\"text-editor.default\">\n\t\t\t\t<div class=\"elementor-widget-container\">\n\t\t\t\t\t\t\t\t\t<h1>\u00a0<\/h1><p class=\"disclaimer\" style=\"font-size: 16px;\">U\u010debn\u00e9 osnovy pozost\u00e1vaj\u00fa zo 6 komplexn\u00fdch modulov, ktor\u00e9 sp\u00e1jaj\u00fa te\u00f3riu, praktick\u00e9 zru\u010dnosti a etick\u00e9 povedomie. Tieto moduly boli vypracovan\u00e9 v spolupr\u00e1ci so vzdel\u00e1vac\u00edmi in\u0161tit\u00faciami, odborn\u00edkmi a zainteresovan\u00fdmi stranami z priemyslu vo v\u0161etk\u00fdch partnersk\u00fdch krajin\u00e1ch. Ka\u017ed\u00fd modul je navrhnut\u00fd tak, aby sa mohol realizova\u0165 bu\u010f v triede, online (prostredn\u00edctvom Moodle), alebo zmie\u0161anou formou.<\/p>\t\t\t\t\t\t\t\t<\/div>\n\t\t\t\t<\/div>\n\t\t\t\t<div class=\"elementor-element elementor-element-763dd7a9 elementor-widget elementor-widget-image\" data-id=\"763dd7a9\" data-element_type=\"widget\" data-widget_type=\"image.default\">\n\t\t\t\t<div class=\"elementor-widget-container\">\n\t\t\t\t\t\t\t\t\t\t\t\t\t\t\t<img fetchpriority=\"high\" decoding=\"async\" width=\"751\" height=\"751\" src=\"https:\/\/avico-project.com\/wp-content\/uploads\/2024\/06\/19-1024x1024.png\" class=\"attachment-large size-large wp-image-73\" alt=\"\" srcset=\"https:\/\/avico-project.com\/wp-content\/uploads\/2024\/06\/19-1024x1024.png 1024w, https:\/\/avico-project.com\/wp-content\/uploads\/2024\/06\/19-300x300.png 300w, https:\/\/avico-project.com\/wp-content\/uploads\/2024\/06\/19-150x150.png 150w, https:\/\/avico-project.com\/wp-content\/uploads\/2024\/06\/19-768x768.png 768w, https:\/\/avico-project.com\/wp-content\/uploads\/2024\/06\/19-272x272.png 272w, https:\/\/avico-project.com\/wp-content\/uploads\/2024\/06\/19-80x80.png 80w, https:\/\/avico-project.com\/wp-content\/uploads\/2024\/06\/19.png 1080w\" sizes=\"(max-width: 751px) 100vw, 751px\" \/>\t\t\t\t\t\t\t\t\t\t\t\t\t\t\t<\/div>\n\t\t\t\t<\/div>\n\t\t\t\t<\/div>\n\t\t\t\t\t<\/div>\n\t\t\t\t<\/div>\n\t\t<div class=\"elementor-element elementor-element-50dcfd9b e-flex e-con-boxed e-con e-parent\" data-id=\"50dcfd9b\" data-element_type=\"container\">\n\t\t\t\t\t<div class=\"e-con-inner\">\n\t\t\t\t<div class=\"elementor-element elementor-element-615f735b elementor-widget elementor-widget-spacer\" data-id=\"615f735b\" data-element_type=\"widget\" data-widget_type=\"spacer.default\">\n\t\t\t\t<div class=\"elementor-widget-container\">\n\t\t\t\t\t\t\t<div class=\"elementor-spacer\">\n\t\t\t<div class=\"elementor-spacer-inner\"><\/div>\n\t\t<\/div>\n\t\t\t\t\t\t<\/div>\n\t\t\t\t<\/div>\n\t\t\t\t\t<\/div>\n\t\t\t\t<\/div>\n\t\t<div class=\"elementor-element elementor-element-625c5cd6 e-flex e-con-boxed e-con e-parent\" data-id=\"625c5cd6\" data-element_type=\"container\">\n\t\t\t\t\t<div class=\"e-con-inner\">\n\t\t\t\t<div class=\"elementor-element elementor-element-11e508a3 elementor-widget elementor-widget-shortcode\" data-id=\"11e508a3\" data-element_type=\"widget\" data-widget_type=\"shortcode.default\">\n\t\t\t\t<div class=\"elementor-widget-container\">\n\t\t\t\t\t\t\t<div class=\"elementor-shortcode\"><div class=\"_df_book df-lite\" id=\"df_1113\"  _slug=\"curriculum-sk\" data-title=\"curriculum-sk\" wpoptions=\"true\" thumbtype=\"\" ><\/div><script class=\"df-shortcode-script\" nowprocket type=\"application\/javascript\">window.option_df_1113 = {\"outline\":[],\"backgroundColor\":\"#DAEDAE\",\"autoEnableOutline\":\"false\",\"autoEnableThumbnail\":\"false\",\"overwritePDFOutline\":\"false\",\"direction\":\"1\",\"pageSize\":\"0\",\"source\":\"https:\\\/\\\/avico-project.com\\\/wp-content\\\/uploads\\\/2026\\\/04\\\/AVICO-Educational-plan-Curriculum-SK.pdf\",\"wpOptions\":\"true\"}; if(window.DFLIP && window.DFLIP.parseBooks){window.DFLIP.parseBooks();}<\/script><\/div>\n\t\t\t\t\t\t<\/div>\n\t\t\t\t<\/div>\n\t\t\t\t\t<\/div>\n\t\t\t\t<\/div>\n\t\t<div class=\"elementor-element elementor-element-3677e59b e-flex e-con-boxed e-con e-parent\" data-id=\"3677e59b\" data-element_type=\"container\">\n\t\t\t\t\t<div class=\"e-con-inner\">\n\t\t\t\t<div class=\"elementor-element elementor-element-14b6c6a0 elementor-align-center elementor-widget elementor-widget-button\" data-id=\"14b6c6a0\" data-element_type=\"widget\" data-widget_type=\"button.default\">\n\t\t\t\t<div class=\"elementor-widget-container\">\n\t\t\t\t\t\t\t\t\t<div class=\"elementor-button-wrapper\">\n\t\t\t\t\t<a class=\"elementor-button elementor-button-link elementor-size-sm\" href=\"\/wp-content\/curriculum\/WP3\/AVICO_Curriculum_SK.pdf\" download=\"AVICO_Curriculum_SK.pdf\">\n\t\t\t\t\t\t<span class=\"elementor-button-content-wrapper\">\n\t\t\t\t\t\t\t\t\t<span class=\"elementor-button-text\">Download<\/span>\n\t\t\t\t\t<\/span>\n\t\t\t\t\t<\/a>\n\t\t\t\t<\/div>\n\t\t\t\t\t\t\t\t<\/div>\n\t\t\t\t<\/div>\n\t\t\t\t\t<\/div>\n\t\t\t\t<\/div>\n\t\t\t\t<\/div>\n\t\t","protected":false},"excerpt":{"rendered":"<p>\u00a0 U\u010debn\u00e9 osnovy pozost\u00e1vaj\u00fa zo 6 komplexn\u00fdch modulov, ktor\u00e9 sp\u00e1jaj\u00fa te\u00f3riu, praktick\u00e9 zru\u010dnosti a etick\u00e9 povedomie. Tieto moduly boli vypracovan\u00e9 v spolupr\u00e1ci so vzdel\u00e1vac\u00edmi in\u0161tit\u00faciami, odborn\u00edkmi a zainteresovan\u00fdmi stranami z priemyslu vo v\u0161etk\u00fdch partnersk\u00fdch krajin\u00e1ch. Ka\u017ed\u00fd modul je navrhnut\u00fd tak, aby sa mohol realizova\u0165 bu\u010f v triede, online (prostredn\u00edctvom Moodle), alebo zmie\u0161anou formou. Download<\/p>\n","protected":false},"author":1,"featured_media":0,"parent":196,"menu_order":0,"comment_status":"closed","ping_status":"closed","template":"","meta":{"footnotes":""},"class_list":["post-1115","page","type-page","status-publish","hentry"],"_links":{"self":[{"href":"https:\/\/avico-project.com\/index.php\/wp-json\/wp\/v2\/pages\/1115","targetHints":{"allow":["GET"]}}],"collection":[{"href":"https:\/\/avico-project.com\/index.php\/wp-json\/wp\/v2\/pages"}],"about":[{"href":"https:\/\/avico-project.com\/index.php\/wp-json\/wp\/v2\/types\/page"}],"author":[{"embeddable":true,"href":"https:\/\/avico-project.com\/index.php\/wp-json\/wp\/v2\/users\/1"}],"replies":[{"embeddable":true,"href":"https:\/\/avico-project.com\/index.php\/wp-json\/wp\/v2\/comments?post=1115"}],"version-history":[{"count":4,"href":"https:\/\/avico-project.com\/index.php\/wp-json\/wp\/v2\/pages\/1115\/revisions"}],"predecessor-version":[{"id":1119,"href":"https:\/\/avico-project.com\/index.php\/wp-json\/wp\/v2\/pages\/1115\/revisions\/1119"}],"up":[{"embeddable":true,"href":"https:\/\/avico-project.com\/index.php\/wp-json\/wp\/v2\/pages\/196"}],"wp:attachment":[{"href":"https:\/\/avico-project.com\/index.php\/wp-json\/wp\/v2\/media?parent=1115"}],"curies":[{"name":"wp","href":"https:\/\/api.w.org\/{rel}","templated":true}]}}