{"id":1101,"date":"2026-04-15T06:41:27","date_gmt":"2026-04-15T06:41:27","guid":{"rendered":"https:\/\/avico-project.com\/?page_id=1101"},"modified":"2026-04-15T10:48:50","modified_gmt":"2026-04-15T10:48:50","slug":"curriculum-pt","status":"publish","type":"page","link":"https:\/\/avico-project.com\/index.php\/resources\/curriculum-pt\/","title":{"rendered":"Curriculum PT"},"content":{"rendered":"\t\t<div data-elementor-type=\"wp-page\" data-elementor-id=\"1101\" class=\"elementor elementor-1101\">\n\t\t\t\t<div class=\"elementor-element elementor-element-18ef98ef e-flex e-con-boxed e-con e-parent\" data-id=\"18ef98ef\" data-element_type=\"container\">\n\t\t\t\t\t<div class=\"e-con-inner\">\n\t\t\t\t<div class=\"elementor-element elementor-element-67c57b72 elementor-widget elementor-widget-spacer\" data-id=\"67c57b72\" data-element_type=\"widget\" data-widget_type=\"spacer.default\">\n\t\t\t\t<div class=\"elementor-widget-container\">\n\t\t\t\t\t\t\t<div class=\"elementor-spacer\">\n\t\t\t<div class=\"elementor-spacer-inner\"><\/div>\n\t\t<\/div>\n\t\t\t\t\t\t<\/div>\n\t\t\t\t<\/div>\n\t\t\t\t\t<\/div>\n\t\t\t\t<\/div>\n\t\t<div class=\"elementor-element elementor-element-73224082 e-flex e-con-boxed e-con e-parent\" data-id=\"73224082\" data-element_type=\"container\">\n\t\t\t\t\t<div class=\"e-con-inner\">\n\t\t<div class=\"elementor-element elementor-element-c7635bc e-grid e-con-full e-con e-child\" data-id=\"c7635bc\" data-element_type=\"container\" data-settings=\"{&quot;background_background&quot;:&quot;classic&quot;}\">\n\t\t\t\t<div class=\"elementor-element elementor-element-78b21445 elementor-widget elementor-widget-text-editor\" data-id=\"78b21445\" data-element_type=\"widget\" data-widget_type=\"text-editor.default\">\n\t\t\t\t<div class=\"elementor-widget-container\">\n\t\t\t\t\t\t\t\t\t<h1>\u00a0<\/h1><p class=\"disclaimer\" style=\"font-size: 16px;\">O curr\u00edculo \u00e9 composto por 6 m\u00f3dulos abrangentes que combinam teoria, compet\u00eancias pr\u00e1ticas e consci\u00eancia \u00e9tica. Estes m\u00f3dulos foram desenvolvidos atrav\u00e9s da colabora\u00e7\u00e3o com institui\u00e7\u00f5es de ensino, especialistas e partes interessadas do setor em todos os pa\u00edses parceiros. Cada m\u00f3dulo foi concebido para ser ministrado em sala de aula, online (atrav\u00e9s do Moodle) ou num formato misto.<\/p>\t\t\t\t\t\t\t\t<\/div>\n\t\t\t\t<\/div>\n\t\t\t\t<div class=\"elementor-element elementor-element-2933c371 elementor-widget elementor-widget-image\" data-id=\"2933c371\" data-element_type=\"widget\" data-widget_type=\"image.default\">\n\t\t\t\t<div class=\"elementor-widget-container\">\n\t\t\t\t\t\t\t\t\t\t\t\t\t\t\t<img fetchpriority=\"high\" decoding=\"async\" width=\"751\" height=\"751\" src=\"https:\/\/avico-project.com\/wp-content\/uploads\/2024\/06\/19-1024x1024.png\" class=\"attachment-large size-large wp-image-73\" alt=\"\" srcset=\"https:\/\/avico-project.com\/wp-content\/uploads\/2024\/06\/19-1024x1024.png 1024w, https:\/\/avico-project.com\/wp-content\/uploads\/2024\/06\/19-300x300.png 300w, https:\/\/avico-project.com\/wp-content\/uploads\/2024\/06\/19-150x150.png 150w, https:\/\/avico-project.com\/wp-content\/uploads\/2024\/06\/19-768x768.png 768w, https:\/\/avico-project.com\/wp-content\/uploads\/2024\/06\/19-272x272.png 272w, https:\/\/avico-project.com\/wp-content\/uploads\/2024\/06\/19-80x80.png 80w, https:\/\/avico-project.com\/wp-content\/uploads\/2024\/06\/19.png 1080w\" sizes=\"(max-width: 751px) 100vw, 751px\" \/>\t\t\t\t\t\t\t\t\t\t\t\t\t\t\t<\/div>\n\t\t\t\t<\/div>\n\t\t\t\t<\/div>\n\t\t\t\t\t<\/div>\n\t\t\t\t<\/div>\n\t\t<div class=\"elementor-element elementor-element-7cc333f e-flex e-con-boxed e-con e-parent\" data-id=\"7cc333f\" data-element_type=\"container\">\n\t\t\t\t\t<div class=\"e-con-inner\">\n\t\t\t\t<div class=\"elementor-element elementor-element-147f72e6 elementor-widget elementor-widget-spacer\" data-id=\"147f72e6\" data-element_type=\"widget\" data-widget_type=\"spacer.default\">\n\t\t\t\t<div class=\"elementor-widget-container\">\n\t\t\t\t\t\t\t<div class=\"elementor-spacer\">\n\t\t\t<div class=\"elementor-spacer-inner\"><\/div>\n\t\t<\/div>\n\t\t\t\t\t\t<\/div>\n\t\t\t\t<\/div>\n\t\t\t\t\t<\/div>\n\t\t\t\t<\/div>\n\t\t<div class=\"elementor-element elementor-element-2e0887ea e-flex e-con-boxed e-con e-parent\" data-id=\"2e0887ea\" data-element_type=\"container\">\n\t\t\t\t\t<div class=\"e-con-inner\">\n\t\t\t\t<div class=\"elementor-element elementor-element-25c5174e elementor-widget elementor-widget-shortcode\" data-id=\"25c5174e\" data-element_type=\"widget\" data-widget_type=\"shortcode.default\">\n\t\t\t\t<div class=\"elementor-widget-container\">\n\t\t\t\t\t\t\t<div class=\"elementor-shortcode\"><div class=\"_df_book df-lite\" id=\"df_1098\"  _slug=\"curriculum\" data-title=\"curriculum\" wpoptions=\"true\" thumbtype=\"\" ><\/div><script class=\"df-shortcode-script\" nowprocket type=\"application\/javascript\">window.option_df_1098 = {\"outline\":[],\"backgroundColor\":\"#DAEDAE\",\"autoEnableOutline\":\"false\",\"autoEnableThumbnail\":\"false\",\"overwritePDFOutline\":\"false\",\"direction\":\"1\",\"pageSize\":\"0\",\"source\":\"https:\\\/\\\/avico-project.com\\\/wp-content\\\/uploads\\\/2026\\\/04\\\/AVICO-Educational-plan-Curriculum-Final-pt-PT_com.pdf\",\"wpOptions\":\"true\"}; if(window.DFLIP && window.DFLIP.parseBooks){window.DFLIP.parseBooks();}<\/script><\/div>\n\t\t\t\t\t\t<\/div>\n\t\t\t\t<\/div>\n\t\t\t\t\t<\/div>\n\t\t\t\t<\/div>\n\t\t<div class=\"elementor-element elementor-element-2c386b79 e-flex e-con-boxed e-con e-parent\" data-id=\"2c386b79\" data-element_type=\"container\">\n\t\t\t\t\t<div class=\"e-con-inner\">\n\t\t\t\t<div class=\"elementor-element elementor-element-21d53961 elementor-align-center elementor-widget elementor-widget-button\" data-id=\"21d53961\" data-element_type=\"widget\" data-widget_type=\"button.default\">\n\t\t\t\t<div class=\"elementor-widget-container\">\n\t\t\t\t\t\t\t\t\t<div class=\"elementor-button-wrapper\">\n\t\t\t\t\t<a class=\"elementor-button elementor-button-link elementor-size-sm\" href=\"\/wp-content\/curriculum\/WP3\/AVICO_Curriculum_PT.pdf\" download=\"AVICO_Curriculum_PT.pdf\">\n\t\t\t\t\t\t<span class=\"elementor-button-content-wrapper\">\n\t\t\t\t\t\t\t\t\t<span class=\"elementor-button-text\">Download<\/span>\n\t\t\t\t\t<\/span>\n\t\t\t\t\t<\/a>\n\t\t\t\t<\/div>\n\t\t\t\t\t\t\t\t<\/div>\n\t\t\t\t<\/div>\n\t\t\t\t\t<\/div>\n\t\t\t\t<\/div>\n\t\t\t\t<\/div>\n\t\t","protected":false},"excerpt":{"rendered":"<p>\u00a0 O curr\u00edculo \u00e9 composto por 6 m\u00f3dulos abrangentes que combinam teoria, compet\u00eancias pr\u00e1ticas e consci\u00eancia \u00e9tica. Estes m\u00f3dulos foram desenvolvidos atrav\u00e9s da colabora\u00e7\u00e3o com institui\u00e7\u00f5es de ensino, especialistas e partes interessadas do setor em todos os pa\u00edses parceiros. Cada m\u00f3dulo foi concebido para ser ministrado em sala de aula, online (atrav\u00e9s do Moodle) ou&#8230;<\/p>\n","protected":false},"author":1,"featured_media":0,"parent":196,"menu_order":0,"comment_status":"closed","ping_status":"closed","template":"","meta":{"footnotes":""},"class_list":["post-1101","page","type-page","status-publish","hentry"],"_links":{"self":[{"href":"https:\/\/avico-project.com\/index.php\/wp-json\/wp\/v2\/pages\/1101","targetHints":{"allow":["GET"]}}],"collection":[{"href":"https:\/\/avico-project.com\/index.php\/wp-json\/wp\/v2\/pages"}],"about":[{"href":"https:\/\/avico-project.com\/index.php\/wp-json\/wp\/v2\/types\/page"}],"author":[{"embeddable":true,"href":"https:\/\/avico-project.com\/index.php\/wp-json\/wp\/v2\/users\/1"}],"replies":[{"embeddable":true,"href":"https:\/\/avico-project.com\/index.php\/wp-json\/wp\/v2\/comments?post=1101"}],"version-history":[{"count":4,"href":"https:\/\/avico-project.com\/index.php\/wp-json\/wp\/v2\/pages\/1101\/revisions"}],"predecessor-version":[{"id":1105,"href":"https:\/\/avico-project.com\/index.php\/wp-json\/wp\/v2\/pages\/1101\/revisions\/1105"}],"up":[{"embeddable":true,"href":"https:\/\/avico-project.com\/index.php\/wp-json\/wp\/v2\/pages\/196"}],"wp:attachment":[{"href":"https:\/\/avico-project.com\/index.php\/wp-json\/wp\/v2\/media?parent=1101"}],"curies":[{"name":"wp","href":"https:\/\/api.w.org\/{rel}","templated":true}]}}