{"id":1083,"date":"2026-04-15T06:35:07","date_gmt":"2026-04-15T06:35:07","guid":{"rendered":"https:\/\/avico-project.com\/?page_id=1083"},"modified":"2026-04-15T10:48:39","modified_gmt":"2026-04-15T10:48:39","slug":"curriculum-hr","status":"publish","type":"page","link":"https:\/\/avico-project.com\/index.php\/resources\/curriculum-hr\/","title":{"rendered":"Curriculum HR"},"content":{"rendered":"\t\t<div data-elementor-type=\"wp-page\" data-elementor-id=\"1083\" class=\"elementor elementor-1083\">\n\t\t\t\t<div class=\"elementor-element elementor-element-70bb7010 e-flex e-con-boxed e-con e-parent\" data-id=\"70bb7010\" data-element_type=\"container\">\n\t\t\t\t\t<div class=\"e-con-inner\">\n\t\t\t\t<div class=\"elementor-element elementor-element-5d6ca20a elementor-widget elementor-widget-spacer\" data-id=\"5d6ca20a\" data-element_type=\"widget\" data-widget_type=\"spacer.default\">\n\t\t\t\t<div class=\"elementor-widget-container\">\n\t\t\t\t\t\t\t<div class=\"elementor-spacer\">\n\t\t\t<div class=\"elementor-spacer-inner\"><\/div>\n\t\t<\/div>\n\t\t\t\t\t\t<\/div>\n\t\t\t\t<\/div>\n\t\t\t\t\t<\/div>\n\t\t\t\t<\/div>\n\t\t<div class=\"elementor-element elementor-element-4fb1c00c e-flex e-con-boxed e-con e-parent\" data-id=\"4fb1c00c\" data-element_type=\"container\">\n\t\t\t\t\t<div class=\"e-con-inner\">\n\t\t<div class=\"elementor-element elementor-element-2738774a e-grid e-con-full e-con e-child\" data-id=\"2738774a\" data-element_type=\"container\" data-settings=\"{&quot;background_background&quot;:&quot;classic&quot;}\">\n\t\t\t\t<div class=\"elementor-element elementor-element-6ed4f663 elementor-widget elementor-widget-text-editor\" data-id=\"6ed4f663\" data-element_type=\"widget\" data-widget_type=\"text-editor.default\">\n\t\t\t\t<div class=\"elementor-widget-container\">\n\t\t\t\t\t\t\t\t\t<h1>\u00a0<\/h1><p class=\"disclaimer\" style=\"font-size: 16px;\">Nastavni plan i program sastoji se od 6 sveobuhvatnih modula koji kombiniraju teoriju, prakti\u010dne vje\u0161tine i eti\u010dku osvije\u0161tenost. Ovi moduli razvijeni su u suradnji s obrazovnim institucijama, stru\u010dnjacima i dionicima iz industrije u svim zemljama partnerima. Svaki modul osmi\u0161ljen je za izvo\u0111enje u u\u010dionici, online (putem Moodlea) ili u kombiniranom formatu.<\/p>\t\t\t\t\t\t\t\t<\/div>\n\t\t\t\t<\/div>\n\t\t\t\t<div class=\"elementor-element elementor-element-39313316 elementor-widget elementor-widget-image\" data-id=\"39313316\" data-element_type=\"widget\" data-widget_type=\"image.default\">\n\t\t\t\t<div class=\"elementor-widget-container\">\n\t\t\t\t\t\t\t\t\t\t\t\t\t\t\t<img fetchpriority=\"high\" decoding=\"async\" width=\"751\" height=\"751\" src=\"https:\/\/avico-project.com\/wp-content\/uploads\/2024\/06\/19-1024x1024.png\" class=\"attachment-large size-large wp-image-73\" alt=\"\" srcset=\"https:\/\/avico-project.com\/wp-content\/uploads\/2024\/06\/19-1024x1024.png 1024w, https:\/\/avico-project.com\/wp-content\/uploads\/2024\/06\/19-300x300.png 300w, https:\/\/avico-project.com\/wp-content\/uploads\/2024\/06\/19-150x150.png 150w, https:\/\/avico-project.com\/wp-content\/uploads\/2024\/06\/19-768x768.png 768w, https:\/\/avico-project.com\/wp-content\/uploads\/2024\/06\/19-272x272.png 272w, https:\/\/avico-project.com\/wp-content\/uploads\/2024\/06\/19-80x80.png 80w, https:\/\/avico-project.com\/wp-content\/uploads\/2024\/06\/19.png 1080w\" sizes=\"(max-width: 751px) 100vw, 751px\" \/>\t\t\t\t\t\t\t\t\t\t\t\t\t\t\t<\/div>\n\t\t\t\t<\/div>\n\t\t\t\t<\/div>\n\t\t\t\t\t<\/div>\n\t\t\t\t<\/div>\n\t\t<div class=\"elementor-element elementor-element-1c719d9f e-flex e-con-boxed e-con e-parent\" data-id=\"1c719d9f\" data-element_type=\"container\">\n\t\t\t\t\t<div class=\"e-con-inner\">\n\t\t\t\t<div class=\"elementor-element elementor-element-2c5517c7 elementor-widget elementor-widget-spacer\" data-id=\"2c5517c7\" data-element_type=\"widget\" data-widget_type=\"spacer.default\">\n\t\t\t\t<div class=\"elementor-widget-container\">\n\t\t\t\t\t\t\t<div class=\"elementor-spacer\">\n\t\t\t<div class=\"elementor-spacer-inner\"><\/div>\n\t\t<\/div>\n\t\t\t\t\t\t<\/div>\n\t\t\t\t<\/div>\n\t\t\t\t\t<\/div>\n\t\t\t\t<\/div>\n\t\t<div class=\"elementor-element elementor-element-7a798766 e-flex e-con-boxed e-con e-parent\" data-id=\"7a798766\" data-element_type=\"container\">\n\t\t\t\t\t<div class=\"e-con-inner\">\n\t\t\t\t<div class=\"elementor-element elementor-element-4353677 elementor-widget elementor-widget-shortcode\" data-id=\"4353677\" data-element_type=\"widget\" data-widget_type=\"shortcode.default\">\n\t\t\t\t<div class=\"elementor-widget-container\">\n\t\t\t\t\t\t\t<div class=\"elementor-shortcode\"><div class=\"_df_book df-lite\" id=\"df_1075\"  _slug=\"1075\" data-title=\"curriculum-hr\" wpoptions=\"true\" thumbtype=\"\" ><\/div><script class=\"df-shortcode-script\" nowprocket type=\"application\/javascript\">window.option_df_1075 = {\"outline\":[],\"backgroundColor\":\"#DAEDAE\",\"autoEnableOutline\":\"false\",\"autoEnableThumbnail\":\"false\",\"overwritePDFOutline\":\"false\",\"direction\":\"1\",\"pageSize\":\"0\",\"source\":\"https:\\\/\\\/avico-project.com\\\/wp-content\\\/uploads\\\/2026\\\/04\\\/AVICO-Educational-plan-Curriculum-Final.en_.hr_.pdf\",\"wpOptions\":\"true\"}; if(window.DFLIP && window.DFLIP.parseBooks){window.DFLIP.parseBooks();}<\/script><\/div>\n\t\t\t\t\t\t<\/div>\n\t\t\t\t<\/div>\n\t\t\t\t\t<\/div>\n\t\t\t\t<\/div>\n\t\t<div class=\"elementor-element elementor-element-f540885 e-flex e-con-boxed e-con e-parent\" data-id=\"f540885\" data-element_type=\"container\">\n\t\t\t\t\t<div class=\"e-con-inner\">\n\t\t\t\t<div class=\"elementor-element elementor-element-58493520 elementor-align-center elementor-widget elementor-widget-button\" data-id=\"58493520\" data-element_type=\"widget\" data-widget_type=\"button.default\">\n\t\t\t\t<div class=\"elementor-widget-container\">\n\t\t\t\t\t\t\t\t\t<div class=\"elementor-button-wrapper\">\n\t\t\t\t\t<a class=\"elementor-button elementor-button-link elementor-size-sm\" href=\"\/wp-content\/curriculum\/WP3\/AVICO_Curriculum_HR.pdf\" download=\"AVICO_Curriculum_HR.pdf\">\n\t\t\t\t\t\t<span class=\"elementor-button-content-wrapper\">\n\t\t\t\t\t\t\t\t\t<span class=\"elementor-button-text\">Download<\/span>\n\t\t\t\t\t<\/span>\n\t\t\t\t\t<\/a>\n\t\t\t\t<\/div>\n\t\t\t\t\t\t\t\t<\/div>\n\t\t\t\t<\/div>\n\t\t\t\t\t<\/div>\n\t\t\t\t<\/div>\n\t\t\t\t<\/div>\n\t\t","protected":false},"excerpt":{"rendered":"<p>\u00a0 Nastavni plan i program sastoji se od 6 sveobuhvatnih modula koji kombiniraju teoriju, prakti\u010dne vje\u0161tine i eti\u010dku osvije\u0161tenost. Ovi moduli razvijeni su u suradnji s obrazovnim institucijama, stru\u010dnjacima i dionicima iz industrije u svim zemljama partnerima. Svaki modul osmi\u0161ljen je za izvo\u0111enje u u\u010dionici, online (putem Moodlea) ili u kombiniranom formatu. Download<\/p>\n","protected":false},"author":1,"featured_media":0,"parent":196,"menu_order":0,"comment_status":"closed","ping_status":"closed","template":"","meta":{"footnotes":""},"class_list":["post-1083","page","type-page","status-publish","hentry"],"_links":{"self":[{"href":"https:\/\/avico-project.com\/index.php\/wp-json\/wp\/v2\/pages\/1083","targetHints":{"allow":["GET"]}}],"collection":[{"href":"https:\/\/avico-project.com\/index.php\/wp-json\/wp\/v2\/pages"}],"about":[{"href":"https:\/\/avico-project.com\/index.php\/wp-json\/wp\/v2\/types\/page"}],"author":[{"embeddable":true,"href":"https:\/\/avico-project.com\/index.php\/wp-json\/wp\/v2\/users\/1"}],"replies":[{"embeddable":true,"href":"https:\/\/avico-project.com\/index.php\/wp-json\/wp\/v2\/comments?post=1083"}],"version-history":[{"count":4,"href":"https:\/\/avico-project.com\/index.php\/wp-json\/wp\/v2\/pages\/1083\/revisions"}],"predecessor-version":[{"id":1090,"href":"https:\/\/avico-project.com\/index.php\/wp-json\/wp\/v2\/pages\/1083\/revisions\/1090"}],"up":[{"embeddable":true,"href":"https:\/\/avico-project.com\/index.php\/wp-json\/wp\/v2\/pages\/196"}],"wp:attachment":[{"href":"https:\/\/avico-project.com\/index.php\/wp-json\/wp\/v2\/media?parent=1083"}],"curies":[{"name":"wp","href":"https:\/\/api.w.org\/{rel}","templated":true}]}}